{"id":81,"date":"2020-01-16T11:40:28","date_gmt":"2020-01-16T11:40:28","guid":{"rendered":"http:\/\/betelinterns.org\/?page_id=81"},"modified":"2022-12-22T11:52:48","modified_gmt":"2022-12-22T11:52:48","slug":"apply","status":"publish","type":"page","link":"https:\/\/betelinterns.org\/es\/apply","title":{"rendered":"Solicitar m\u00e1s informaci\u00f3n"},"content":{"rendered":"<p class=\"has-medium-font-size\">Si deseas recibir m\u00e1s informaci\u00f3n de c\u00f3mo servir haciendo un voluntariado en Betel, rellena la inscripci\u00f3n de abajo y nos pondremos en contacto contigo lo antes posible.<\/p>\n\n\n\n\n \n<script type=\"text\/javascript\" src=\"https:\/\/form.jotform.com\/jsform\/203511756944357\"><\/script>","protected":false},"excerpt":{"rendered":"<p>Si deseas recibir m\u00e1s informaci\u00f3n de c\u00f3mo servir haciendo un voluntariado en Betel, rellena la inscripci\u00f3n de abajo y nos pondremos en contacto contigo lo antes posible.<\/p>","protected":false},"author":1,"featured_media":0,"parent":0,"menu_order":0,"comment_status":"closed","ping_status":"closed","template":"","meta":{"footnotes":""},"class_list":["post-81","page","type-page","status-publish","hentry","post"],"_links":{"self":[{"href":"https:\/\/betelinterns.org\/es\/wp-json\/wp\/v2\/pages\/81","targetHints":{"allow":["GET"]}}],"collection":[{"href":"https:\/\/betelinterns.org\/es\/wp-json\/wp\/v2\/pages"}],"about":[{"href":"https:\/\/betelinterns.org\/es\/wp-json\/wp\/v2\/types\/page"}],"author":[{"embeddable":true,"href":"https:\/\/betelinterns.org\/es\/wp-json\/wp\/v2\/users\/1"}],"replies":[{"embeddable":true,"href":"https:\/\/betelinterns.org\/es\/wp-json\/wp\/v2\/comments?post=81"}],"version-history":[{"count":30,"href":"https:\/\/betelinterns.org\/es\/wp-json\/wp\/v2\/pages\/81\/revisions"}],"predecessor-version":[{"id":992,"href":"https:\/\/betelinterns.org\/es\/wp-json\/wp\/v2\/pages\/81\/revisions\/992"}],"wp:attachment":[{"href":"https:\/\/betelinterns.org\/es\/wp-json\/wp\/v2\/media?parent=81"}],"curies":[{"name":"wp","href":"https:\/\/api.w.org\/{rel}","templated":true}]}}