{"id":75,"date":"2020-01-16T11:38:56","date_gmt":"2020-01-16T11:38:56","guid":{"rendered":"http:\/\/betelinterns.org\/?page_id=75"},"modified":"2024-04-02T13:39:59","modified_gmt":"2024-04-02T13:39:59","slug":"faq","status":"publish","type":"page","link":"https:\/\/betelinterns.org\/es\/faq","title":{"rendered":"Preguntas frecuentes"},"content":{"rendered":"<h3 class=\"wp-block-heading\">\u00bfQu\u00e9 har\u00e9? \u00bfQu\u00e9 se hace en un d\u00eda normal?<\/h3>\n\n\n\n<p class=\"has-medium-font-size\">Servir en Betel significa formar parte de la vida de nuestras comunidades. Se trata de compartir la vida diaria con nuestros residentes en cada actividad y momentos devocionales.  Tendr\u00e1s la oportunidad de ser un ejemplo y mostrar el amor de Dios de una manera pr\u00e1ctica, real y tangible.<\/p>\n\n\n\n<h3 class=\"wp-block-heading\">\u00bfD\u00f3nde vivir\u00e9?<\/h3>\n\n\n\n<p class=\"has-medium-font-size\">La vida en Betel es de pura convivencia. Vivir\u00e1s en una de las comunidades de Betel, viviendo los hombres y las mujeres en centros separados. Viven en casas que, en general, tienen capacidad de 10 a 25 personas. Las habitaciones son dormitorios compartidos.<\/p>\n\n\n\n<h3 class=\"wp-block-heading\">\u00bfCu\u00e1nto dinero necesitar\u00e9?<\/h3>\n\n\n\n<p class=\"has-medium-font-size\">En comparaci\u00f3n con otras oportunidades de pr\u00e1cticas, Betel tiene un coste muy bajo, pr\u00e1cticamente gratis si trabajas en un Betel de tu propio pa\u00eds. Betel te proporcionar\u00e1 alojamiento y comida gratis como miembro trabajador de nuestra comunidad. Luego, dondequiera que elijas servir, s\u00f3lo tendr\u00e1s que pagar el viaje de ida y vuelta a Betel, el coste de cualquier visado y seguro m\u00e9dico que se requiera, y el dinero de bolsillo personal para los d\u00edas libres, visitas tur\u00edsticas, art\u00edculos de aseo, etc.<\/p>\n\n\n\n<h3 class=\"wp-block-heading\">\u00bfC\u00f3mo deber\u00eda vestirme?<\/h3>\n\n\n\n<p class=\"has-medium-font-size\">En Betel somos bastante informales.  La mayor\u00eda de las veces los vaqueros y las camisetas son apropiados. Dado que cada cultura tiene sus propias normas en cuanto a lo que es aceptable, lo mejor ser\u00eda discutir esto m\u00e1s a fondo con los directores de Betel de cada pa\u00eds en el que se va a servir.<\/p>\n\n\n\n<h3 class=\"wp-block-heading\">\u00bfQu\u00e9 deber\u00eda llevar?<\/h3>\n\n\n\n<ul class=\"wp-block-list\">\n<li>Una Biblia y diario<\/li>\n\n\n\n<li>Ropa para trabajar (i.e. los vaqueros o pantalones de mezclilla , camisetas) y no importa que este desgastada<\/li>\n\n\n\n<li>Zapatillas deportivas (tenis) \u2013 necesario para algunos trabajos donde andar\u00edas mucho, p.ej. cuando distribuir\u00edas propaganda.<\/li>\n\n\n\n<li>Ropa adecuada para asistir a las reuniones de la iglesia o alguna reuni\u00f3n formal<\/li>\n\n\n\n<li>Un abrigo o chaqueta, por si es necesario<\/li>\n\n\n\n<li>Un ba\u00f1ador (o traje de ba\u00f1o), dependiendo del tiempo y lugar en el que vas a servir<\/li>\n\n\n\n<li>Un convertidor y adaptadores para los aparatos electr\u00f3nicos<\/li>\n\n\n\n<li>Una c\u00e1mara de fotos o Smartphone<\/li>\n\n\n\n<li>El pasaporte, carnet de conducir\/licencia de manejar y dinero<\/li>\n\n\n\n<li>Cualquier instrumento musical que toques<\/li>\n\n\n\n<li>Algunas fotos de tu familia y amigos<\/li>\n<\/ul>\n\n\n\n<p class=\"has-medium-font-size\">Cuando sepas el pa\u00eds donde servir\u00e1s y seas aceptado para hacer el voluntariado, podr\u00e1s consultar con los l\u00edderes de ah\u00ed para informarte de m\u00e1s pautas espec\u00edficas de c\u00f3mo vestirte y alg\u00fan detalle m\u00e1s.<\/p>\n\n\n\n<p class=\"has-medium-font-size\">No te preocupes de llevar s\u00e1banas, ni toallas, ni art\u00edculos de aseo como champ\u00fa, jab\u00f3n, y pasta dentr\u00edfica. Betel te proveer\u00e1 de ellos.<\/p>\n\n\n\n<h3 class=\"wp-block-heading\">\u00bfPuedo llevar mi port\u00e1til, Smartphone, iPod, c\u00e1mara, etc.?<\/h3>\n\n\n\n<p class=\"has-medium-font-size\">S\u00ed, puedes llevar estos art\u00edculos y los podr\u00e1s usar en los tiempos asignados para ello. Recomendamos que el l\u00edder de la casa guarde todas tus cosas de valor, incluso tu pasaporte y dinero, en la oficina del centro cuando llegues.<\/p>\n\n\n\n<h3 class=\"wp-block-heading\">\u00bfEs un entorno seguro?<\/h3>\n\n\n\n<p class=\"has-medium-font-size\">S\u00ed.  Hemos creado un ambiente donde Betel es el entorno familiar de las personas que viven en comunidad. Mientras construyes relaciones con los Betelitos, no los ver\u00e1s como \u201cdrogadictos y alcoh\u00f3licos\u201d, sino como personas dignas cuyas vidas est\u00e1n siendo restauradas a la imagen de Dios. Se procede con cuidado cuando hay nuevos ingresos tanto de hombres como de mujeres, teniendo en cuenta que la seguridad de los que est\u00e1n viviendo con nosotros es lo m\u00e1s importante.<\/p>\n\n\n\n<h3 class=\"wp-block-heading\">\u00bfC\u00f3mo puedo prepararme para realizar las pr\u00e1cticas de voluntariado en Betel?<\/h3>\n\n\n\n<p class=\"has-medium-font-size\">Una de las mejores maneras de prepararte para tu experiencia con nosotros es conocer c\u00f3mo empez\u00f3 Betel y c\u00f3mo funciona nuestro ministerio. Hay varios libros escritos sobre Betel. Te recomendamos mucho que los leas, de esta forma podr\u00e1s entender mejor la historia y ministerio de Betel. Los t\u00edtulos en castellano son los siguientes:<\/p>\n\n\n\n<h3 class=\"wp-block-heading\"><strong>Se puede comprar muchos de estos libros en Amazon o en otros sitios de libros a un precio bastante econ\u00f3mico<\/strong>:<\/h3>\n\n\n\n<ul class=\"wp-block-list\">\n<li><a rel=\"noreferrer noopener\" href=\"https:\/\/www.amazon.com\/Dance-Because-Cannot-Fly-Redemption\/dp\/1905991169\" target=\"_blank\">Bailamos porque no podemos volar<\/a><\/li>\n\n\n\n<li><a href=\"https:\/\/www.amazon.es\/INFIERNO-Espritu-destruyendo-maldicin-drogadiccin\/dp\/9685136017\" target=\"_blank\" rel=\"noreferrer noopener\">Puesto de Rescate a un Paso del Infierno<\/a><\/li>\n\n\n\n<li><a href=\"https:\/\/www.amazon.com\/Sacking-Frontiers-Hell-Stewart-Dinnen\/dp\/1857925262\" target=\"_blank\" rel=\"noreferrer noopener\">Saqueando las Fronteras del Infierno<\/a><\/li>\n\n\n\n<li><a rel=\"noreferrer noopener\" href=\"https:\/\/www.amazon.com\/Cost-Kingdom-Elliot-Tepper-ebook\/dp\/B00DQCC4Y4\" target=\"_blank\">El Costo del Reino<\/a><\/li>\n\n\n\n<li><a rel=\"noreferrer noopener\" href=\"https:\/\/www.amazon.com\/dp\/0875082025\" target=\"_blank\">CT Studd Criketer and Pioneer<\/a><\/li>\n<\/ul>\n\n\n\n<div class=\"wp-block-buttons is-horizontal is-content-justification-center is-layout-flex wp-container-core-buttons-is-layout-499968f5 wp-block-buttons-is-layout-flex\">\n<div class=\"wp-block-button is-style-outline is-style-outline--1\"><a class=\"wp-block-button__link wp-element-button\" href=\"http:\/\/betelinterns.org\/es\/testimonies\/\">Testimonios &gt;&gt;<\/a><\/div>\n<\/div>\n\n\n\n<p><\/p>","protected":false},"excerpt":{"rendered":"<p>What will I be doing? What does a normal day look like? Serving at Betel means being part of the life of our communities. It is about sharing daily life with our residents in every activity, work and devotional times.&nbsp; You will have the opportunity to be an example and to show God&#8217;s love in [&hellip;]<\/p>\n","protected":false},"author":1,"featured_media":0,"parent":0,"menu_order":0,"comment_status":"closed","ping_status":"closed","template":"","meta":{"footnotes":""},"class_list":["post-75","page","type-page","status-publish","hentry","post"],"_links":{"self":[{"href":"https:\/\/betelinterns.org\/es\/wp-json\/wp\/v2\/pages\/75","targetHints":{"allow":["GET"]}}],"collection":[{"href":"https:\/\/betelinterns.org\/es\/wp-json\/wp\/v2\/pages"}],"about":[{"href":"https:\/\/betelinterns.org\/es\/wp-json\/wp\/v2\/types\/page"}],"author":[{"embeddable":true,"href":"https:\/\/betelinterns.org\/es\/wp-json\/wp\/v2\/users\/1"}],"replies":[{"embeddable":true,"href":"https:\/\/betelinterns.org\/es\/wp-json\/wp\/v2\/comments?post=75"}],"version-history":[{"count":57,"href":"https:\/\/betelinterns.org\/es\/wp-json\/wp\/v2\/pages\/75\/revisions"}],"predecessor-version":[{"id":1059,"href":"https:\/\/betelinterns.org\/es\/wp-json\/wp\/v2\/pages\/75\/revisions\/1059"}],"wp:attachment":[{"href":"https:\/\/betelinterns.org\/es\/wp-json\/wp\/v2\/media?parent=75"}],"curies":[{"name":"wp","href":"https:\/\/api.w.org\/{rel}","templated":true}]}}