{"id":73,"date":"2020-01-16T11:38:42","date_gmt":"2020-01-16T11:38:42","guid":{"rendered":"http:\/\/betelinterns.org\/?page_id=73"},"modified":"2024-04-02T13:50:23","modified_gmt":"2024-04-02T13:50:23","slug":"who-we-are","status":"publish","type":"page","link":"https:\/\/betelinterns.org\/es\/who-we-are","title":{"rendered":"Con\u00f3cenos"},"content":{"rendered":"<h3 class=\"wp-block-heading\">Betel, significa \u201cCasa de Dios\u201d y es un ministerio de WEC.<\/h3>\n\n\n\n<div class=\"wp-block-group\"><div class=\"wp-block-group__inner-container is-layout-flow wp-block-group-is-layout-flow\">\n<div class=\"wp-block-group\"><div class=\"wp-block-group__inner-container is-layout-flow wp-block-group-is-layout-flow\">\n<div class=\"wp-block-columns is-layout-flex wp-container-core-columns-is-layout-9d6595d7 wp-block-columns-is-layout-flex\">\n<div class=\"wp-block-column is-layout-flow wp-block-column-is-layout-flow\">\n<p>Somos un ministerio cristiano internacional, basado en ayuda mutua, donde los residentes de las comunidades se ayudan unos a otros a trav\u00e9s del acompa\u00f1amiento y desarrollando negocios ben\u00e9ficos que permiten financiar el programa gratuito, destinado a personas afectadas por conflictos que conducen a la ruptura familiar, p\u00e9rdida del hogar, el abuso de drogas y alcohol y el desempleo a largo plazo.<\/p>\n\n\n\n<p>Betel es un modelo alternativo de recuperaci\u00f3n que ha transformado radicalmente muchas vidas que antes estaban sumidas en el caos. Hacemos hincapi\u00e9 en la restauraci\u00f3n integral de la persona a trav\u00e9s de valores inspirados en el Evangelio.<\/p>\n<\/div>\n\n\n\n<div class=\"wp-block-column is-layout-flow wp-block-column-is-layout-flow\">\n<figure class=\"wp-block-image size-large\"><img loading=\"lazy\" decoding=\"async\" width=\"1024\" height=\"768\" src=\"http:\/\/betelinterns.org\/wp-content\/uploads\/2021\/03\/Cumbre-1024x768.jpg\" alt=\"\" class=\"wp-image-942\" srcset=\"https:\/\/betelinterns.org\/wp-content\/uploads\/2021\/03\/Cumbre-1024x768.jpg 1024w, https:\/\/betelinterns.org\/wp-content\/uploads\/2021\/03\/Cumbre-300x225.jpg 300w, https:\/\/betelinterns.org\/wp-content\/uploads\/2021\/03\/Cumbre-768x576.jpg 768w, https:\/\/betelinterns.org\/wp-content\/uploads\/2021\/03\/Cumbre-1536x1152.jpg 1536w, https:\/\/betelinterns.org\/wp-content\/uploads\/2021\/03\/Cumbre-2048x1536.jpg 2048w, https:\/\/betelinterns.org\/wp-content\/uploads\/2021\/03\/Cumbre-16x12.jpg 16w\" sizes=\"auto, (max-width: 1024px) 100vw, 1024px\" \/><figcaption class=\"wp-element-caption\"><em>Reuni\u00f3n en Betel Reino Unido<\/em><\/figcaption><\/figure>\n<\/div>\n<\/div>\n\n\n\n<h3 class=\"wp-block-heading\"><strong>Nuestras residencias acogen gratuitamente a m\u00e1s de 2.000 hombres y mujeres en m\u00e1s de 100 ciudades de Europa, Asia, Norteam\u00e9rica, Sudam\u00e9rica, \u00c1frica y Australia.<\/strong><\/h3>\n\n\n\n<div class=\"wp-block-columns is-layout-flex wp-container-core-columns-is-layout-9d6595d7 wp-block-columns-is-layout-flex\">\n<div class=\"wp-block-column is-layout-flow wp-block-column-is-layout-flow\">\n<p>Desde que acogimos a nuestro primer hombre de las calles de Madrid en 1985, hemos ayudado a decenas de miles de personas sin hogar, drogodependientes y alcoh\u00f3licos. Las residencias de Betel ofrecen un ambiente seguro y familiar y est\u00e1n libres de drogas, alcohol y tabaco.<\/p>\n\n\n\n<p>Nuestro objetivo final es ayudar a las personas no s\u00f3lo a salir de la adicci\u00f3n, sino a convertirse en hombres y mujeres con dignidad y confianza en s\u00ed mismos y en los dem\u00e1s, convirti\u00e9ndose en miembros activos en su comunidad.<\/p>\n\n\n\n<div class=\"wp-block-columns is-layout-flex wp-container-core-columns-is-layout-9d6595d7 wp-block-columns-is-layout-flex\">\n<div class=\"wp-block-column is-layout-flow wp-block-column-is-layout-flow\" style=\"flex-basis:100%\">\n<blockquote class=\"wp-block-quote is-style-large is-layout-flow wp-block-quote-is-layout-flow\">\n<p>Un voluntariado en Betel tiene que ver con las habilidades de empat\u00eda y comunicaci\u00f3n, pero sobre todo con un coraz\u00f3n dispuesto a servir, mostrando un genuino inter\u00e9s por el bienestar de las personas acogidas que est\u00e1n en el proceso de reconstruir sus vidas.<\/p>\n<\/blockquote>\n<\/div>\n<\/div>\n<\/div>\n\n\n\n<div class=\"wp-block-column is-layout-flow wp-block-column-is-layout-flow\">\n<figure class=\"wp-block-image size-large\"><img loading=\"lazy\" decoding=\"async\" width=\"480\" height=\"640\" src=\"http:\/\/betelinterns.org\/wp-content\/uploads\/2020\/11\/Czech-Betelitos-2019.jpg\" alt=\"Betel Rep\u00fablica Checa\" class=\"wp-image-325\" srcset=\"https:\/\/betelinterns.org\/wp-content\/uploads\/2020\/11\/Czech-Betelitos-2019.jpg 480w, https:\/\/betelinterns.org\/wp-content\/uploads\/2020\/11\/Czech-Betelitos-2019-225x300.jpg 225w\" sizes=\"auto, (max-width: 480px) 100vw, 480px\" \/><figcaption class=\"wp-element-caption\"><em>Comida en Betel Rep\u00fablica Checa<\/em><\/figcaption><\/figure>\n\n\n\n<p><\/p>\n<\/div>\n<\/div>\n<\/div><\/div>\n<\/div><\/div>\n\n\n\n<div class=\"wp-block-buttons is-horizontal is-content-justification-center is-layout-flex wp-container-core-buttons-is-layout-499968f5 wp-block-buttons-is-layout-flex\">\n<div class=\"wp-block-button is-style-outline is-style-outline--1\"><a class=\"wp-block-button__link wp-element-button\" href=\"https:\/\/betelinterns.org\/es\/a-day-in-the-life-2\/\">La vida en Betel &gt;&gt;<\/a><\/div>\n<\/div>\n\n\n\n<p><\/p>","protected":false},"excerpt":{"rendered":"<p>Betel is Spanish for Bethel (meaning House of God) and a ministry of WEC International Betel is a unique international church-planting ministry dedicated to harmonising church life, residential living and charitable businesses to restore men and women affected by the hardships that lead to homelessness, drug and alcohol abuse, and long-term unemployment. Betel isn\u2019t a [&hellip;]<\/p>\n","protected":false},"author":1,"featured_media":0,"parent":0,"menu_order":0,"comment_status":"closed","ping_status":"closed","template":"","meta":{"footnotes":""},"class_list":["post-73","page","type-page","status-publish","hentry","post"],"_links":{"self":[{"href":"https:\/\/betelinterns.org\/es\/wp-json\/wp\/v2\/pages\/73","targetHints":{"allow":["GET"]}}],"collection":[{"href":"https:\/\/betelinterns.org\/es\/wp-json\/wp\/v2\/pages"}],"about":[{"href":"https:\/\/betelinterns.org\/es\/wp-json\/wp\/v2\/types\/page"}],"author":[{"embeddable":true,"href":"https:\/\/betelinterns.org\/es\/wp-json\/wp\/v2\/users\/1"}],"replies":[{"embeddable":true,"href":"https:\/\/betelinterns.org\/es\/wp-json\/wp\/v2\/comments?post=73"}],"version-history":[{"count":77,"href":"https:\/\/betelinterns.org\/es\/wp-json\/wp\/v2\/pages\/73\/revisions"}],"predecessor-version":[{"id":1061,"href":"https:\/\/betelinterns.org\/es\/wp-json\/wp\/v2\/pages\/73\/revisions\/1061"}],"wp:attachment":[{"href":"https:\/\/betelinterns.org\/es\/wp-json\/wp\/v2\/media?parent=73"}],"curies":[{"name":"wp","href":"https:\/\/api.w.org\/{rel}","templated":true}]}}