{"id":603,"date":"2020-11-19T11:01:06","date_gmt":"2020-11-19T11:01:06","guid":{"rendered":"http:\/\/betelinterns.org\/quienes-somos"},"modified":"2020-11-19T12:54:10","modified_gmt":"2020-11-19T12:54:10","slug":"quienes-somos","status":"publish","type":"page","link":"https:\/\/betelinterns.org\/es\/quienes-somos","title":{"rendered":"Qui\u00e9nes somos"},"content":{"rendered":"<div class=\"wp-block-group\"><div class=\"wp-block-group__inner-container is-layout-flow wp-block-group-is-layout-flow\">\n<div class=\"wp-block-group\"><div class=\"wp-block-group__inner-container is-layout-flow wp-block-group-is-layout-flow\">\n<h2>La palabra Betel significa &#8220;Casa de Dios&#8221; y es un ministerio de WEC Internacional<\/h2>\n\n\n\n<p>Betel es un ministerio que combina la vida en la iglesia con comunidades residenciales y negocios ben\u00e9ficos con el fin de restorar a las personas que sufren desventajas sociales. La meta es que ellos y sus familias pueden volver a una vida productiva y independiente.<\/p>\n\n\n\n<div class=\"wp-block-image\"><figure class=\"aligncenter size-large\"><img loading=\"lazy\" decoding=\"async\" width=\"480\" height=\"640\" src=\"http:\/\/betelinterns.org\/wp-content\/uploads\/2020\/11\/Czech-Betelitos-2019.jpg\" alt=\"Betel Rep&#xFA;blica Checa\" class=\"wp-image-324\" srcset=\"https:\/\/betelinterns.org\/wp-content\/uploads\/2020\/11\/Czech-Betelitos-2019.jpg 480w, https:\/\/betelinterns.org\/wp-content\/uploads\/2020\/11\/Czech-Betelitos-2019-225x300.jpg 225w\" sizes=\"auto, (max-width: 480px) 100vw, 480px\" \/><figcaption>Betel Rep\u00fablica Checa<\/figcaption><\/figure><\/div>\n\n\n\n<h3 class=\"wp-block-heading\">Nuestras residencias albergan a m\u00e1s que 2,000 hombres y mujeres gratuitamente en m\u00e1s de 100 ciudades de Europa, Asia, Las Americas, \u00c1frica y Australia.<\/h3>\n\n\n\n<p>Desde 1985, hemos ayudado a decenas de miles de personas desesperadas, sin techo y adictos al alcohol y las drogas.<\/p>\n<\/div><\/div>\n\n\n\n<p>In Betel, enfatizamos la restoraci\u00f3n integral de la persona a trav\u00e9z del Evangelio. Nuestras residencias son libres de drogas, alcohol y tabaco. Tambi\u00e9n son gratuitas. Estamos dedicados a la meta de seguir ofreciendo esperanza y hospitalidad a los hombres y mujeres m\u00e1s necesitados del mundo.<\/p>\n<\/div><\/div>\n\n<p>Para m\u00e1s informaci\u00f3n sobre el ministerio de Betel, pincha en <a href=\"\/es\/?page_id=159\" data-type=\"page\" data-id=\"159\">C\u00f3mo funciona Betel<\/a> o en los botones de abajo o en nuestra misi\u00f3n fundadora, WEC Internacional.<\/p>\n<br\/>\n<div class=\"wp-block-buttons aligncenter is-layout-flex wp-block-buttons-is-layout-flex\">\n<div class=\"wp-block-button is-style-outline is-style-outline--1\"><a class=\"wp-block-button__link\" href=\"http:\/\/betelinterns.org\/es\/how-betel-works\/\">C\u00f3mo funciona Betel &gt;&gt;<\/a><\/div>\n<\/div>\n\n<p\/>","protected":false},"excerpt":{"rendered":"<p>Betel es un ministerio que combina la vida en la iglesia con comunidades residenciales y negocios ben\u00e9ficos con el fin de restorar a las personas que sufren desventajas sociales. La meta es que ellos y sus familias pueden volver a una vida productiva y independiente. Nuestras residencias albergan a m\u00e1s que 2,000 hombres y mujeres [&hellip;]<\/p>\n","protected":false},"author":1,"featured_media":0,"parent":0,"menu_order":0,"comment_status":"closed","ping_status":"closed","template":"","meta":{"footnotes":""},"class_list":["post-603","page","type-page","status-publish","hentry","post"],"_links":{"self":[{"href":"https:\/\/betelinterns.org\/es\/wp-json\/wp\/v2\/pages\/603","targetHints":{"allow":["GET"]}}],"collection":[{"href":"https:\/\/betelinterns.org\/es\/wp-json\/wp\/v2\/pages"}],"about":[{"href":"https:\/\/betelinterns.org\/es\/wp-json\/wp\/v2\/types\/page"}],"author":[{"embeddable":true,"href":"https:\/\/betelinterns.org\/es\/wp-json\/wp\/v2\/users\/1"}],"replies":[{"embeddable":true,"href":"https:\/\/betelinterns.org\/es\/wp-json\/wp\/v2\/comments?post=603"}],"version-history":[{"count":3,"href":"https:\/\/betelinterns.org\/es\/wp-json\/wp\/v2\/pages\/603\/revisions"}],"predecessor-version":[{"id":606,"href":"https:\/\/betelinterns.org\/es\/wp-json\/wp\/v2\/pages\/603\/revisions\/606"}],"wp:attachment":[{"href":"https:\/\/betelinterns.org\/es\/wp-json\/wp\/v2\/media?parent=603"}],"curies":[{"name":"wp","href":"https:\/\/api.w.org\/{rel}","templated":true}]}}