{"id":159,"date":"2020-10-22T10:11:07","date_gmt":"2020-10-22T10:11:07","guid":{"rendered":"http:\/\/betelinterns.org\/?page_id=159"},"modified":"2024-04-02T13:37:05","modified_gmt":"2024-04-02T13:37:05","slug":"how-betel-works","status":"publish","type":"page","link":"https:\/\/betelinterns.org\/es\/how-betel-works","title":{"rendered":"C\u00f3mo funciona"},"content":{"rendered":"<h3 class=\"wp-block-heading\">Los residentes de Betel entran y salen voluntariamente y se recomienda que permanezcan un m\u00ednimo de 12 a 18 meses.\u00a0<\/h3>\n\n\n\n<div class=\"wp-block-columns are-vertically-aligned-top is-layout-flex wp-container-core-columns-is-layout-9d6595d7 wp-block-columns-is-layout-flex\">\n<div class=\"wp-block-column is-vertically-aligned-top is-layout-flow wp-block-column-is-layout-flow\">\n<p>Los residentes descubren r\u00e1pidamente que la vida en Betel es un compromiso de decisiones diarias: aspirar a los valores de un estilo de vida nuevo y m\u00e1s sano.<\/p>\n\n\n\n<p>Muchos voluntarios expresan lo r\u00e1pido que se sienten aceptados, lo que no es de extra\u00f1ar, ya que la estructura y el entorno en Betel es como el de una familia.<\/p>\n\n\n\n<p>Los l\u00edderes y sus familiares viven en la comunidad de Betel y forman parte del ambiente familiar.<\/p>\n<\/div>\n\n\n\n<div class=\"wp-block-column is-vertically-aligned-top is-layout-flow wp-block-column-is-layout-flow\">\n<figure class=\"wp-block-image size-large is-style-default\"><img loading=\"lazy\" decoding=\"async\" width=\"1024\" height=\"768\" src=\"http:\/\/betelinterns.org\/wp-content\/uploads\/2021\/03\/Oldbury-Women-1024x768.jpeg\" alt=\"\" class=\"wp-image-949\"\/><figcaption class=\"wp-element-caption\"><em>Voluntarios y residentes en Betel Birmingham<\/em><\/figcaption><\/figure>\n<\/div>\n<\/div>\n\n\n\n<div class=\"wp-block-group\"><div class=\"wp-block-group__inner-container is-layout-flow wp-block-group-is-layout-flow\">\n<div class=\"wp-block-group\"><div class=\"wp-block-group__inner-container is-layout-flow wp-block-group-is-layout-flow\">\n<h3 class=\"wp-block-heading\">En el entorno de Betel, los residentes avanzan a su propio ritmo. Tambi\u00e9n aprenden principios que ayudan a la formaci\u00f3n del car\u00e1cter.<\/h3>\n\n\n\n<div class=\"wp-block-columns is-layout-flex wp-container-core-columns-is-layout-9d6595d7 wp-block-columns-is-layout-flex\">\n<div class=\"wp-block-column is-vertically-aligned-top is-layout-flow wp-block-column-is-layout-flow\">\n<p>Los viven en casa y en las empresas sociales de Betel, construyendo bases s\u00f3lidas para un futuro estable: fuera de las calles, con ganas y habilidades para trabajar, y viviendo libres de la dependencia de las drogas y el alcohol.<\/p>\n\n\n\n<p>Cuando un nuevo residente entra en Betel, se le asigna un \"Responsable\", un residente de Betel con m\u00e1s experiencia para ayudarle a aprender la rutina diaria y ayudarle a resolver problemas.<\/p>\n\n\n\n<p>Las dos primeras semanas, los nuevos residentes permanecen en casa mientras pasan el s\u00edndrome de abstinencia, se adaptan a su nuevo entorno y aprenden c\u00f3mo funciona Betel. Despu\u00e9s de esto, se les asigna una actividad en una de los proyectos ben\u00e9ficos de Betel. Las actividades de Betel var\u00edan seg\u00fan cada pa\u00eds, en funci\u00f3n de lo que funciona en cada cultura.<\/p>\n<\/div>\n\n\n\n<div class=\"wp-block-column is-layout-flow wp-block-column-is-layout-flow\">\n<figure class=\"wp-block-image size-large\"><img loading=\"lazy\" decoding=\"async\" width=\"800\" height=\"443\" src=\"http:\/\/betelinterns.org\/wp-content\/uploads\/2021\/02\/gardening.jpg\" alt=\"\" class=\"wp-image-794\" srcset=\"https:\/\/betelinterns.org\/wp-content\/uploads\/2021\/02\/gardening.jpg 800w, https:\/\/betelinterns.org\/wp-content\/uploads\/2021\/02\/gardening-300x166.jpg 300w, https:\/\/betelinterns.org\/wp-content\/uploads\/2021\/02\/gardening-768x425.jpg 768w, https:\/\/betelinterns.org\/wp-content\/uploads\/2021\/02\/gardening-16x9.jpg 16w\" sizes=\"auto, (max-width: 800px) 100vw, 800px\" \/><figcaption class=\"wp-element-caption\"><em>Jardiner\u00eda en Betel Reino Unido<\/em><\/figcaption><\/figure>\n<\/div>\n<\/div>\n\n\n\n<h3 class=\"wp-block-heading\">Los residentes ayudan a financiar su propia recuperaci\u00f3n colaborando activamente en nuestros negocios ben\u00e9ficos, reduciendo significativamente la carga de sus familias y del gobierno. La actividad ocupacional les devuelve la dignidad y el sentido de prop\u00f3sito.<\/h3>\n\n\n\n<div class=\"wp-block-columns are-vertically-aligned-top is-layout-flex wp-container-core-columns-is-layout-9d6595d7 wp-block-columns-is-layout-flex\">\n<div class=\"wp-block-column is-vertically-aligned-top is-layout-flow wp-block-column-is-layout-flow\">\n<p>A medida que la motivaci\u00f3n y la estabilidad de los residentes van mejorando, se les va dando m\u00e1s responsabilidad en la supervisi\u00f3n de las tareas dom\u00e9sticas, el control de los equipos de trabajo diario, la gesti\u00f3n de los negocios de Betel y el liderazgo de la casa.  Su ejemplo ayuda a animar a los residentes con menos experiencia. El resultado es una comunidad motivada y guiada por sus iguales.<\/p>\n\n\n\n<p>Adem\u00e1s de aprender habilidades prelaborales, habilidades b\u00e1sicas para la vida a ser responsables de su propio cuidado, tambi\u00e9n aprenden a cuidar de los dem\u00e1s. Participan en la preparaci\u00f3n de las comidas de la comunidad, en la limpieza de la casa y en el lavado de la ropa, todo ello sin perder de vista el acompa\u00f1amiento de las personas acogidas en su proceso de cambio.<\/p>\n\n\n\n<p>A lo largo de los a\u00f1os, muchos residentes han decidido quedarse en Betel para ayudar a otros al igual que ellos han sido ayudados desarrollando su potencial como l\u00edderes en Betel.<\/p>\n<\/div>\n\n\n\n<div class=\"wp-block-column is-vertically-aligned-top is-layout-flow wp-block-column-is-layout-flow\">\n<figure class=\"wp-block-image size-large\"><img loading=\"lazy\" decoding=\"async\" width=\"1024\" height=\"768\" src=\"https:\/\/betelinterns.org\/wp-content\/uploads\/2023\/12\/voluntario-1024x768.jpg\" alt=\"\" class=\"wp-image-1034\"\/><figcaption class=\"wp-element-caption\"><em>Voluntario en Betel Espa\u00f1a<\/em><\/figcaption><\/figure>\n<\/div>\n<\/div>\n<\/div><\/div>\n\n\n\n<div class=\"wp-block-buttons is-horizontal is-content-justification-center is-layout-flex wp-container-core-buttons-is-layout-499968f5 wp-block-buttons-is-layout-flex\">\n<div class=\"wp-block-button is-style-outline is-style-outline--1\"><a class=\"wp-block-button__link wp-element-button\" href=\"https:\/\/betelinterns.org\/es\/betel-videos\/\" style=\"border-radius:50px\">V\u00eddeos &gt;&gt;<\/a><\/div>\n<\/div>\n<\/div><\/div>\n\n\n\n<p><\/p>\n\n\n\n<h2 class=\"wp-block-heading\"><\/h2>","protected":false},"excerpt":{"rendered":"<p>Residents in Betel enter and exit voluntarily and we recommend that they stay for a minimum of 12 to 18 months.\u00a0 Residents soon discover that life at Betel is not a goal-oriented programme, but rather a commitment to daily choices \u2013 to aspire to the values and pursuits of a new and healthier lifestyle, as [&hellip;]<\/p>\n","protected":false},"author":1,"featured_media":0,"parent":0,"menu_order":0,"comment_status":"closed","ping_status":"closed","template":"templates\/template-full.php","meta":{"footnotes":""},"class_list":["post-159","page","type-page","status-publish","hentry","post"],"_links":{"self":[{"href":"https:\/\/betelinterns.org\/es\/wp-json\/wp\/v2\/pages\/159","targetHints":{"allow":["GET"]}}],"collection":[{"href":"https:\/\/betelinterns.org\/es\/wp-json\/wp\/v2\/pages"}],"about":[{"href":"https:\/\/betelinterns.org\/es\/wp-json\/wp\/v2\/types\/page"}],"author":[{"embeddable":true,"href":"https:\/\/betelinterns.org\/es\/wp-json\/wp\/v2\/users\/1"}],"replies":[{"embeddable":true,"href":"https:\/\/betelinterns.org\/es\/wp-json\/wp\/v2\/comments?post=159"}],"version-history":[{"count":69,"href":"https:\/\/betelinterns.org\/es\/wp-json\/wp\/v2\/pages\/159\/revisions"}],"predecessor-version":[{"id":1056,"href":"https:\/\/betelinterns.org\/es\/wp-json\/wp\/v2\/pages\/159\/revisions\/1056"}],"wp:attachment":[{"href":"https:\/\/betelinterns.org\/es\/wp-json\/wp\/v2\/media?parent=159"}],"curies":[{"name":"wp","href":"https:\/\/api.w.org\/{rel}","templated":true}]}}