{"id":113,"date":"2020-10-20T09:45:01","date_gmt":"2020-10-20T09:45:01","guid":{"rendered":"http:\/\/betelinterns.org\/?page_id=113"},"modified":"2024-04-02T13:35:06","modified_gmt":"2024-04-02T13:35:06","slug":"a-day-in-the-life-2","status":"publish","type":"page","link":"https:\/\/betelinterns.org\/es\/a-day-in-the-life-2","title":{"rendered":"La vida en Betel"},"content":{"rendered":"<h3 class=\"wp-block-heading\">\"\u00a1Buenos d\u00edas, Se\u00f1or! \u00bfQu\u00e9 vas a hacer hoy? \u00bfPuedo formar parte? Gracias\".<\/h3>\n\n\n\n<div class=\"wp-block-columns is-layout-flex wp-container-core-columns-is-layout-9d6595d7 wp-block-columns-is-layout-flex\">\n<div class=\"wp-block-column is-layout-flow wp-block-column-is-layout-flow\">\n<p>Esta breve oraci\u00f3n es de Norman Grubb, Secretario General y art\u00edfice de la organizaci\u00f3n misionera, fundadorade Betel, WEC Internacional.<\/p>\n\n\n\n<p>Como voluntario de Betel, tienes la oportunidad de ser parte de lo que Dios est\u00e1 haciendo cada d\u00eda en la vida de nuestros residentes impactados por el testimonio de vidas transformadas por el Evangelio.<\/p>\n<\/div>\n\n\n\n<div class=\"wp-block-column is-layout-flow wp-block-column-is-layout-flow\">\n<figure class=\"wp-block-image size-full\"><img loading=\"lazy\" decoding=\"async\" width=\"800\" height=\"540\" src=\"https:\/\/betelinterns.org\/wp-content\/uploads\/2023\/12\/Group-2-\u00ac-Home-2.jpg\" alt=\"Morning Prayer\" class=\"wp-image-1031\" srcset=\"https:\/\/betelinterns.org\/wp-content\/uploads\/2023\/12\/Group-2-\u00ac-Home-2.jpg 800w, https:\/\/betelinterns.org\/wp-content\/uploads\/2023\/12\/Group-2-\u00ac-Home-2-300x203.jpg 300w, https:\/\/betelinterns.org\/wp-content\/uploads\/2023\/12\/Group-2-\u00ac-Home-2-768x518.jpg 768w, https:\/\/betelinterns.org\/wp-content\/uploads\/2023\/12\/Group-2-\u00ac-Home-2-18x12.jpg 18w\" sizes=\"auto, (max-width: 800px) 100vw, 800px\" \/><figcaption class=\"wp-element-caption\"><em>Oraci\u00f3n por la ma\u00f1ana antes de empezar el d\u00eda<\/em><\/figcaption><\/figure>\n<\/div>\n<\/div>\n\n\n\n<h3 class=\"wp-block-heading\">La vida en Betel significa ser parte de una familia y hacer cosas juntos.<\/h3>\n\n\n\n<div class=\"wp-block-columns is-layout-flex wp-container-core-columns-is-layout-9d6595d7 wp-block-columns-is-layout-flex\">\n<div class=\"wp-block-column is-layout-flow wp-block-column-is-layout-flow\">\n<p>Las actividades incluyen comer juntos, realizar tareas dom\u00e9sticas, trabajar en nuestros negocios ben\u00e9ficos y establecer relaciones saludables.<\/p>\n\n\n\n<p>Despu\u00e9s de desayunar juntos, todos tienen la oportunidad de reunirse para tener un devocional o una peque\u00f1a reflexi\u00f3n inspiradora antes de salir a las actividades diarias.<\/p>\n\n\n\n<p>Despu\u00e9s, cada persona hace su actividad ocupacional asignado que ayuda a generar los fondos necesarios para que Betel pueda seguir ofreciendo sus servicios de forma gratuita.<\/p>\n<\/div>\n\n\n\n<div class=\"wp-block-column is-layout-flow wp-block-column-is-layout-flow\">\n<figure class=\"wp-block-image size-large\"><img loading=\"lazy\" decoding=\"async\" width=\"800\" height=\"540\" src=\"http:\/\/betelinterns.org\/wp-content\/uploads\/2021\/01\/big-meal.jpg\" alt=\"\" class=\"wp-image-773\" srcset=\"https:\/\/betelinterns.org\/wp-content\/uploads\/2021\/01\/big-meal.jpg 800w, https:\/\/betelinterns.org\/wp-content\/uploads\/2021\/01\/big-meal-300x203.jpg 300w, https:\/\/betelinterns.org\/wp-content\/uploads\/2021\/01\/big-meal-768x518.jpg 768w, https:\/\/betelinterns.org\/wp-content\/uploads\/2021\/01\/big-meal-16x12.jpg 16w\" sizes=\"auto, (max-width: 800px) 100vw, 800px\" \/><figcaption class=\"wp-element-caption\"><em>Women&#8217;s house in Betel Madrid<\/em><\/figcaption><\/figure>\n<\/div>\n<\/div>\n\n\n\n<h3 class=\"wp-block-heading\">Nuestras actividades ben\u00e9ficas no son s\u00f3lo para generar ingresos.<\/h3>\n\n\n\n<div class=\"wp-block-columns is-layout-flex wp-container-core-columns-is-layout-9d6595d7 wp-block-columns-is-layout-flex\">\n<div class=\"wp-block-column is-layout-flow wp-block-column-is-layout-flow\">\n<p>Tambi\u00e9n son una oportunidad para influir en las vidas de los residentes con los principios y valores cristianos, a la vez que se adquieren   habilidades transferibles para el empleo y las relaciones personales facilitando que las personas normalicen sus vidas y se conviertan en miembros productivos de la sociedad.<\/p>\n\n\n\n<p>Cada pa\u00eds tiene sus propias actividades ben\u00e9ficas basadas en lo que mejor funciona para su cultura. Por ejemplo, en Espa\u00f1a, los hombres pueden hacer recogidas de muebles, en el Reino Unido pueden ser parte de un proyecto de jardiner\u00eda, en la India podr\u00edan desarrollar labores en una granja y en Rusia, podr\u00edan trabajar en un proyecto de construcci\u00f3n.<\/p>\n\n\n\n<p>Las mujeres tambi\u00e9n tienen actividades variadas, seg\u00fan el pa\u00eds y la cultura.  En Espa\u00f1a pueden repartir folletos anunciando los negocios ben\u00e9ficos de Betel, en el Reino Unido pueden trabajar en una cafeter\u00eda, en la India pueden vender ropa de segunda mano y en Rusia pueden vender sus tarjetas y jabones hechos a mano de puerta en puerta.<\/p>\n\n\n\n<figure class=\"wp-block-image size-large\"><img decoding=\"async\" src=\"http:\/\/betelinterns.org\/wp-content\/uploads\/2020\/11\/Ainoa.jpg\" alt=\"\" class=\"wp-image-370\"\/><figcaption class=\"wp-element-caption\"><em>Serving at Betel UK&#8217;s Rising Cafe<\/em><\/figcaption><\/figure>\n<\/div>\n\n\n\n<div class=\"wp-block-column is-layout-flow wp-block-column-is-layout-flow\">\n<figure class=\"wp-block-image size-full\"><img loading=\"lazy\" decoding=\"async\" width=\"640\" height=\"411\" src=\"https:\/\/betelinterns.org\/wp-content\/uploads\/2023\/05\/IMG_1116.jpg\" alt=\"\" class=\"wp-image-1017\" srcset=\"https:\/\/betelinterns.org\/wp-content\/uploads\/2023\/05\/IMG_1116.jpg 640w, https:\/\/betelinterns.org\/wp-content\/uploads\/2023\/05\/IMG_1116-300x193.jpg 300w, https:\/\/betelinterns.org\/wp-content\/uploads\/2023\/05\/IMG_1116-18x12.jpg 18w\" sizes=\"auto, (max-width: 640px) 100vw, 640px\" \/><figcaption class=\"wp-element-caption\"><em>Actuaci\u00f3n de Navidad<\/em>e<\/figcaption><\/figure>\n\n\n\n<p>En Reino Unido, tenemos un proyecto nuevo: Infinite Arts Theatre (Teatro de Artes Infinitas), donde hay oportunidades para desarollar la creatividad entre los residentes. Se realiza producionnes originales para actuar en p\u00fablico.<\/p>\n\n\n\n<p>Whatever you\u2019re doing, it will be as part of a team where you will build relationships as you work alongside the \u201cBetelitos\u201d. You\u2019ll have lunch with the team you are working with each day.<\/p>\n\n\n\n<p>After dinner together, evening activities and church meetings vary from country to country due to each culture\u2019s schedule. Mid-week church meeting are on either Tuesday or Wednesday nights and on Friday nights and Sunday mornings. During evenings when there aren\u2019t church meetings, you\u2019ll have fellowship time to build relationships with the Betelitos.<\/p>\n<\/div>\n<\/div>\n\n\n\n<p><\/p>\n\n\n\n<h3 class=\"wp-block-heading\">Como voluntario, tu relaci\u00f3n con los residentes ser\u00e1 m\u00e1s como la de un amigo, en vez de una figura pastoral o de autoridad.<\/h3>\n\n\n\n<div class=\"wp-block-columns is-layout-flex wp-container-core-columns-is-layout-9d6595d7 wp-block-columns-is-layout-flex\">\n<div class=\"wp-block-column is-layout-flow wp-block-column-is-layout-flow\">\n<p>Tendr\u00e1s oportunidades diarias de ser un ejemplo para los \"Betelitos\" y como se ve la vida cristiana en palabras, actitudes y acciones.<\/p>\n<\/div>\n\n\n\n<div class=\"wp-block-column is-layout-flow wp-block-column-is-layout-flow\">\n<figure class=\"wp-block-image size-large\"><img loading=\"lazy\" decoding=\"async\" width=\"1024\" height=\"683\" src=\"http:\/\/betelinterns.org\/wp-content\/uploads\/2021\/02\/Betel-England-175.jpg\" alt=\"\" class=\"wp-image-834\" srcset=\"https:\/\/betelinterns.org\/wp-content\/uploads\/2021\/02\/Betel-England-175.jpg 1024w, https:\/\/betelinterns.org\/wp-content\/uploads\/2021\/02\/Betel-England-175-300x200.jpg 300w, https:\/\/betelinterns.org\/wp-content\/uploads\/2021\/02\/Betel-England-175-768x512.jpg 768w, https:\/\/betelinterns.org\/wp-content\/uploads\/2021\/02\/Betel-England-175-16x12.jpg 16w, https:\/\/betelinterns.org\/wp-content\/uploads\/2021\/02\/Betel-England-175-272x182.jpg 272w\" sizes=\"auto, (max-width: 1024px) 100vw, 1024px\" \/><figcaption class=\"wp-element-caption\"><em>Taller de muebles en Reino Unido<\/em><\/figcaption><\/figure>\n<\/div>\n<\/div>\n\n\n\n<p><\/p>\n\n\n\n<p><\/p>\n\n\n\n<div class=\"wp-block-buttons is-horizontal is-content-justification-center is-layout-flex wp-container-core-buttons-is-layout-499968f5 wp-block-buttons-is-layout-flex\">\n<div class=\"wp-block-button is-style-outline is-style-outline--1\"><a class=\"wp-block-button__link wp-element-button\" href=\"https:\/\/betelinterns.org\/es\/how-betel-works\/\">C\u00f3mo funciona &gt;&gt;<\/a><\/div>\n<\/div>","protected":false},"excerpt":{"rendered":"<p>\u201cGood morning, Lord! What are You up to today? Can I be part of it? Thank you.\u201d This short \u201cwake-up prayer\u201d was from Norman Grubb, the General Secretary and architect of Betel\u2019s parent mission organisation, WEC International. As a Betel intern, you have the opportunity to be a part of what God is doing every [&hellip;]<\/p>\n","protected":false},"author":1,"featured_media":0,"parent":0,"menu_order":0,"comment_status":"closed","ping_status":"closed","template":"","meta":{"footnotes":""},"class_list":["post-113","page","type-page","status-publish","hentry","post"],"_links":{"self":[{"href":"https:\/\/betelinterns.org\/es\/wp-json\/wp\/v2\/pages\/113","targetHints":{"allow":["GET"]}}],"collection":[{"href":"https:\/\/betelinterns.org\/es\/wp-json\/wp\/v2\/pages"}],"about":[{"href":"https:\/\/betelinterns.org\/es\/wp-json\/wp\/v2\/types\/page"}],"author":[{"embeddable":true,"href":"https:\/\/betelinterns.org\/es\/wp-json\/wp\/v2\/users\/1"}],"replies":[{"embeddable":true,"href":"https:\/\/betelinterns.org\/es\/wp-json\/wp\/v2\/comments?post=113"}],"version-history":[{"count":56,"href":"https:\/\/betelinterns.org\/es\/wp-json\/wp\/v2\/pages\/113\/revisions"}],"predecessor-version":[{"id":1055,"href":"https:\/\/betelinterns.org\/es\/wp-json\/wp\/v2\/pages\/113\/revisions\/1055"}],"wp:attachment":[{"href":"https:\/\/betelinterns.org\/es\/wp-json\/wp\/v2\/media?parent=113"}],"curies":[{"name":"wp","href":"https:\/\/api.w.org\/{rel}","templated":true}]}}